{"id":247220,"date":"2022-08-11T20:54:44","date_gmt":"2022-08-12T00:54:44","guid":{"rendered":"https:\/\/drummondteam.ca\/renouvellement-hypothecaire\/"},"modified":"2024-12-11T14:55:41","modified_gmt":"2024-12-11T19:55:41","slug":"renouvellement-hypothecaire","status":"publish","type":"page","link":"https:\/\/drummondteam.ca\/fr\/renouvellement-hypothecaire\/","title":{"rendered":"Renouvellement hypoth\u00e9caire"},"content":{"rendered":"<p>[et_pb_section fb_built=\u00a0\u00bb1&Prime; disabled_on=\u00a0\u00bbon|off|off\u00a0\u00bb _builder_version=\u00a0\u00bb4.19.2&Prime; _module_preset=\u00a0\u00bbdefault\u00a0\u00bb background_image=\u00a0\u00bbhttps:\/\/drummondteam.ca\/wp-content\/uploads\/2022\/10\/dillon-kydd-pvdx8c6Y5BY-unsplash_original_size_cropped_small.jpg\u00a0\u00bb background_enable_mask_style=\u00a0\u00bbon\u00a0\u00bb background_mask_style=\u00a0\u00bbchevrons\u00a0\u00bb background_mask_color=\u00a0\u00bb#004282&Prime; custom_padding=\u00a0\u00bb100px||100px||true|false\u00a0\u00bb background_last_edited=\u00a0\u00bbon|phone\u00a0\u00bb background_image_phone=\u00a0\u00bbhttps:\/\/drummondteam.ca\/wp-content\/uploads\/2022\/12\/dillon-kydd-pvdx8c6Y5BY-unsplash_original_size_cropped_mobile3_small.jpg\u00a0\u00bb background_enable_image_phone=\u00a0\u00bbon\u00a0\u00bb background_mask_aspect_ratio_phone=\u00a0\u00bbportrait\u00a0\u00bb global_colors_info=\u00a0\u00bb{}\u00a0\u00bb][et_pb_row column_structure=\u00a0\u00bb2_5,3_5&Prime; module_class=\u00a0\u00bbtablet-two-cols\u00a0\u00bb _builder_version=\u00a0\u00bb4.19.2&Prime; _module_preset=\u00a0\u00bbdefault\u00a0\u00bb width=\u00a0\u00bb100%\u00a0\u00bb max_width=\u00a0\u00bb100%\u00a0\u00bb module_alignment=\u00a0\u00bbleft\u00a0\u00bb global_colors_info=\u00a0\u00bb{}\u00a0\u00bb][et_pb_column type=\u00a0\u00bb2_5&Prime; _builder_version=\u00a0\u00bb4.19.2&Prime; _module_preset=\u00a0\u00bbdefault\u00a0\u00bb custom_padding_tablet=\u00a0\u00bb|65px||0px|false|false\u00a0\u00bb custom_padding_phone=\u00a0\u00bb|95px||10px|false|false\u00a0\u00bb custom_padding_last_edited=\u00a0\u00bbon|phone\u00a0\u00bb global_colors_info=\u00a0\u00bb{}\u00a0\u00bb][et_pb_text _builder_version=\u00a0\u00bb4.19.2&Prime; _module_preset=\u00a0\u00bbdefault\u00a0\u00bb header_text_color=\u00a0\u00bb#FFFFFF\u00a0\u00bb header_font_size=\u00a0\u00bb55px\u00a0\u00bb text_orientation=\u00a0\u00bbcenter\u00a0\u00bb width_tablet=\u00a0\u00bb\u00a0\u00bb width_phone=\u00a0\u00bb75%\u00a0\u00bb width_last_edited=\u00a0\u00bbon|phone\u00a0\u00bb custom_margin_tablet=\u00a0\u00bb||-30px||false|false\u00a0\u00bb custom_margin_phone=\u00a0\u00bb||-45px||false|false\u00a0\u00bb custom_margin_last_edited=\u00a0\u00bbon|phone\u00a0\u00bb custom_padding_last_edited=\u00a0\u00bboff|desktop\u00a0\u00bb header_font_size_tablet=\u00a0\u00bb50px\u00a0\u00bb header_font_size_phone=\u00a0\u00bb38px\u00a0\u00bb header_font_size_last_edited=\u00a0\u00bbon|phone\u00a0\u00bb text_orientation_tablet=\u00a0\u00bbcenter\u00a0\u00bb text_orientation_phone=\u00a0\u00bbcenter\u00a0\u00bb text_orientation_last_edited=\u00a0\u00bbon|phone\u00a0\u00bb global_colors_info=\u00a0\u00bb{}\u00a0\u00bb]<\/p>\n<h1>Renouvellement hypoth\u00e9caire<\/h1>\n<p>[\/et_pb_text][\/et_pb_column][et_pb_column type=\u00a0\u00bb3_5&Prime; _builder_version=\u00a0\u00bb4.17.6&Prime; _module_preset=\u00a0\u00bbdefault\u00a0\u00bb global_colors_info=\u00a0\u00bb{}\u00a0\u00bb][\/et_pb_column][\/et_pb_row][\/et_pb_section][et_pb_section fb_built=\u00a0\u00bb1&Prime; disabled_on=\u00a0\u00bboff|on|on\u00a0\u00bb _builder_version=\u00a0\u00bb4.19.2&Prime; _module_preset=\u00a0\u00bbdefault\u00a0\u00bb background_image=\u00a0\u00bbhttps:\/\/drummondteam.ca\/wp-content\/uploads\/2022\/10\/dillon-kydd-pvdx8c6Y5BY-unsplash_original_size_cropped_small.jpg\u00a0\u00bb background_enable_mask_style=\u00a0\u00bbon\u00a0\u00bb background_mask_style=\u00a0\u00bbchevrons\u00a0\u00bb background_mask_color=\u00a0\u00bb#004282&Prime; custom_padding=\u00a0\u00bb||100px||false|false\u00a0\u00bb background_last_edited=\u00a0\u00bbon|phone\u00a0\u00bb background_image_phone=\u00a0\u00bbhttps:\/\/drummondteam.ca\/wp-content\/uploads\/2022\/12\/dillon-kydd-XGvwt544g8k-unsplash_large_cropped4.png\u00a0\u00bb background_enable_image_phone=\u00a0\u00bbon\u00a0\u00bb background_mask_transform_phone=\u00a0\u00bbrotate_90_degree|flip_vertical\u00a0\u00bb background_mask_aspect_ratio_phone=\u00a0\u00bbsquare\u00a0\u00bb global_colors_info=\u00a0\u00bb{}\u00a0\u00bb][et_pb_row column_structure=\u00a0\u00bb2_5,3_5&Prime; module_class=\u00a0\u00bbtablet-two-cols\u00a0\u00bb _builder_version=\u00a0\u00bb4.19.2&Prime; _module_preset=\u00a0\u00bbdefault\u00a0\u00bb width=\u00a0\u00bb100%\u00a0\u00bb max_width=\u00a0\u00bb100%\u00a0\u00bb module_alignment=\u00a0\u00bbleft\u00a0\u00bb global_colors_info=\u00a0\u00bb{}\u00a0\u00bb][et_pb_column type=\u00a0\u00bb2_5&Prime; _builder_version=\u00a0\u00bb4.19.2&Prime; _module_preset=\u00a0\u00bbdefault\u00a0\u00bb custom_padding_tablet=\u00a0\u00bb|65px||0px|false|false\u00a0\u00bb custom_padding_phone=\u00a0\u00bb|0px||0px|false|true\u00a0\u00bb custom_padding_last_edited=\u00a0\u00bbon|phone\u00a0\u00bb global_colors_info=\u00a0\u00bb{}\u00a0\u00bb][et_pb_text _builder_version=\u00a0\u00bb4.19.2&Prime; _module_preset=\u00a0\u00bbdefault\u00a0\u00bb header_text_color=\u00a0\u00bb#FFFFFF\u00a0\u00bb header_font_size=\u00a0\u00bb55px\u00a0\u00bb text_orientation=\u00a0\u00bbcenter\u00a0\u00bb width_tablet=\u00a0\u00bb\u00a0\u00bb width_phone=\u00a0\u00bb100%\u00a0\u00bb width_last_edited=\u00a0\u00bbon|phone\u00a0\u00bb custom_margin_tablet=\u00a0\u00bb||-30px||false|false\u00a0\u00bb custom_margin_phone=\u00a0\u00bb-50px||200px||false|false\u00a0\u00bb custom_margin_last_edited=\u00a0\u00bbon|phone\u00a0\u00bb custom_padding_last_edited=\u00a0\u00bboff|desktop\u00a0\u00bb header_font_size_tablet=\u00a0\u00bb50px\u00a0\u00bb header_font_size_phone=\u00a0\u00bb34px\u00a0\u00bb header_font_size_last_edited=\u00a0\u00bbon|phone\u00a0\u00bb header_line_height_tablet=\u00a0\u00bb\u00a0\u00bb header_line_height_phone=\u00a0\u00bb1em\u00a0\u00bb header_line_height_last_edited=\u00a0\u00bbon|phone\u00a0\u00bb text_orientation_tablet=\u00a0\u00bbcenter\u00a0\u00bb text_orientation_phone=\u00a0\u00bbcenter\u00a0\u00bb text_orientation_last_edited=\u00a0\u00bbon|phone\u00a0\u00bb global_colors_info=\u00a0\u00bb{}\u00a0\u00bb]<\/p>\n<h1>Renouvellement hypoth\u00e9caire<\/h1>\n<p>[\/et_pb_text][\/et_pb_column][et_pb_column type=\u00a0\u00bb3_5&Prime; _builder_version=\u00a0\u00bb4.17.6&Prime; _module_preset=\u00a0\u00bbdefault\u00a0\u00bb global_colors_info=\u00a0\u00bb{}\u00a0\u00bb][\/et_pb_column][\/et_pb_row][\/et_pb_section][et_pb_section fb_built=\u00a0\u00bb1&Prime; custom_padding_last_edited=\u00a0\u00bbon|tablet\u00a0\u00bb _builder_version=\u00a0\u00bb4.19.2&Prime; _module_preset=\u00a0\u00bbdefault\u00a0\u00bb custom_padding_tablet=\u00a0\u00bb||0px||false|false\u00a0\u00bb custom_padding_phone=\u00a0\u00bb||0px||false|false\u00a0\u00bb global_colors_info=\u00a0\u00bb{}\u00a0\u00bb][et_pb_row custom_padding_last_edited=\u00a0\u00bbon|phone\u00a0\u00bb _builder_version=\u00a0\u00bb4.19.3&Prime; _module_preset=\u00a0\u00bbdefault\u00a0\u00bb custom_padding_tablet=\u00a0\u00bb||0px||false|false\u00a0\u00bb custom_padding_phone=\u00a0\u00bb0px||||false|false\u00a0\u00bb global_colors_info=\u00a0\u00bb{}\u00a0\u00bb][et_pb_column type=\u00a0\u00bb4_4&Prime; _builder_version=\u00a0\u00bb4.19.3&Prime; _module_preset=\u00a0\u00bbdefault\u00a0\u00bb global_colors_info=\u00a0\u00bb{}\u00a0\u00bb][et_pb_text _builder_version=\u00a0\u00bb4.19.3&Prime; _module_preset=\u00a0\u00bbdefault\u00a0\u00bb header_4_text_align=\u00a0\u00bbcenter\u00a0\u00bb header_4_font_size_tablet=\u00a0\u00bb\u00a0\u00bb header_4_font_size_phone=\u00a0\u00bb26px\u00a0\u00bb header_4_font_size_last_edited=\u00a0\u00bbon|phone\u00a0\u00bb header_4_line_height_last_edited=\u00a0\u00bboff|desktop\u00a0\u00bb global_colors_info=\u00a0\u00bb{}\u00a0\u00bb]<\/p>\n<h4>Comment \u00e9pargner de l\u2019argent et obtenir les meilleurs taux en renouvelant votre hypoth\u00e8que<\/h4>\n<h4>Lors du renouvellement de votre hypoth\u00e8que<\/h4>\n<p>[\/et_pb_text][\/et_pb_column][\/et_pb_row][et_pb_row column_structure=\u00a0\u00bb1_2,1_2&Prime; make_equal=\u00a0\u00bbon\u00a0\u00bb custom_padding_last_edited=\u00a0\u00bbon|tablet\u00a0\u00bb module_class=\u00a0\u00bbreverse-columns-mobile\u00a0\u00bb _builder_version=\u00a0\u00bb4.19.3&Prime; _module_preset=\u00a0\u00bbdefault\u00a0\u00bb width=\u00a0\u00bb100%\u00a0\u00bb width_tablet=\u00a0\u00bb85%\u00a0\u00bb width_phone=\u00a0\u00bb85%\u00a0\u00bb width_last_edited=\u00a0\u00bbon|tablet\u00a0\u00bb max_width=\u00a0\u00bb1280px\u00a0\u00bb max_width_tablet=\u00a0\u00bb85%\u00a0\u00bb max_width_phone=\u00a0\u00bb85%\u00a0\u00bb max_width_last_edited=\u00a0\u00bbon|desktop\u00a0\u00bb custom_padding_tablet=\u00a0\u00bb60px||20px||false|false\u00a0\u00bb custom_padding_phone=\u00a0\u00bb40px||20px||false|false\u00a0\u00bb global_colors_info=\u00a0\u00bb{}\u00a0\u00bb][et_pb_column type=\u00a0\u00bb1_2&Prime; _builder_version=\u00a0\u00bb4.19.2&Prime; _module_preset=\u00a0\u00bbdefault\u00a0\u00bb global_colors_info=\u00a0\u00bb{}\u00a0\u00bb][et_pb_text _builder_version=\u00a0\u00bb4.19.3&Prime; _module_preset=\u00a0\u00bbdefault\u00a0\u00bb text_orientation=\u00a0\u00bbcenter\u00a0\u00bb custom_margin=\u00a0\u00bb||1em||false|false\u00a0\u00bb custom_margin_tablet=\u00a0\u00bb15px||0px||false|false\u00a0\u00bb custom_margin_phone=\u00a0\u00bb5px||0px||false|false\u00a0\u00bb custom_margin_last_edited=\u00a0\u00bbon|phone\u00a0\u00bb header_5_font_size_tablet=\u00a0\u00bb\u00a0\u00bb header_5_font_size_phone=\u00a0\u00bb22px\u00a0\u00bb header_5_font_size_last_edited=\u00a0\u00bbon|phone\u00a0\u00bb global_colors_info=\u00a0\u00bb{}\u00a0\u00bb]<\/p>\n<h5>Ne tombez pas dans le pi\u00e8ge<\/h5>\n<p>[\/et_pb_text][et_pb_text _builder_version=\u00a0\u00bb4.19.3&Prime; _module_preset=\u00a0\u00bbdefault\u00a0\u00bb text_font_size=\u00a0\u00bb18px\u00a0\u00bb custom_margin_last_edited=\u00a0\u00bboff|desktop\u00a0\u00bb global_colors_info=\u00a0\u00bb{}\u00a0\u00bb]<\/p>\n<p>Alors que la plupart des Canadiens passent beaucoup de temps et d\u00e9ploient des efforts consid\u00e9rables pour choisir leur premi\u00e8re hypoth\u00e8que, ce n\u2019est souvent pas le cas avec les renouvellements hypoth\u00e9caires.<\/p>\n<p>Les Canadiens perdent des milliers de dollars chaque ann\u00e9e puisqu\u2019ils ne consid\u00e8rent pas soigneusement leur renouvellement hypoth\u00e9caire. Presque 60% des emprunteurs signent et renvoient simplement la premi\u00e8re offre qu\u2019ils re\u00e7oivent de leur pr\u00eateur sans chercher un taux d\u2019int\u00e9r\u00eat plus favorable. <\/p>\n<p>Les propri\u00e9taires ne devraient jamais accepter la premi\u00e8re offre de leur pr\u00eateur sans n\u00e9gocier. Ceci n\u2019accompli rien sauf inutilement co\u00fbter au propri\u00e9taire beaucoup d\u2019argent sur leur hypoth\u00e8que. <\/p>\n<p>[\/et_pb_text][\/et_pb_column][et_pb_column type=\u00a0\u00bb1_2&Prime; _builder_version=\u00a0\u00bb4.19.2&Prime; _module_preset=\u00a0\u00bbdefault\u00a0\u00bb global_colors_info=\u00a0\u00bb{}\u00a0\u00bb][et_pb_image src=\u00a0\u00bbhttps:\/\/drummondteam.ca\/wp-content\/uploads\/2023\/02\/Mortgage-Renewal-web.png\u00a0\u00bb title_text=\u00a0\u00bbRenouvellement de l&apos;hypoth\u00e8que web\u00a0\u00bb align=\u00a0\u00bbcenter\u00a0\u00bb _builder_version=\u00a0\u00bb4.20.0&Prime; _module_preset=\u00a0\u00bbdefault\u00a0\u00bb border_width_all=\u00a0\u00bb1px\u00a0\u00bb box_shadow_style=\u00a0\u00bbpreset7&Prime; box_shadow_vertical=\u00a0\u00bb-10px\u00a0\u00bb box_shadow_color=\u00a0\u00bb#004282&Prime; box_shadow_position=\u00a0\u00bbouter\u00a0\u00bb global_colors_info=\u00a0\u00bb{}\u00a0\u00bb][\/et_pb_image][\/et_pb_column][\/et_pb_row][et_pb_row column_structure=\u00a0\u00bb1_2,1_2&Prime; make_equal=\u00a0\u00bbon\u00a0\u00bb custom_padding_last_edited=\u00a0\u00bbon|tablet\u00a0\u00bb _builder_version=\u00a0\u00bb4.19.3&Prime; _module_preset=\u00a0\u00bbdefault\u00a0\u00bb width=\u00a0\u00bb100%\u00a0\u00bb width_tablet=\u00a0\u00bb85%\u00a0\u00bb width_phone=\u00a0\u00bb85%\u00a0\u00bb width_last_edited=\u00a0\u00bbon|tablet\u00a0\u00bb max_width=\u00a0\u00bb1280px\u00a0\u00bb max_width_tablet=\u00a0\u00bb85%\u00a0\u00bb max_width_phone=\u00a0\u00bb85%\u00a0\u00bb max_width_last_edited=\u00a0\u00bbon|desktop\u00a0\u00bb custom_padding_tablet=\u00a0\u00bb||20px||false|false\u00a0\u00bb custom_padding_phone=\u00a0\u00bb||20px||false|false\u00a0\u00bb global_colors_info=\u00a0\u00bb{}\u00a0\u00bb][et_pb_column type=\u00a0\u00bb1_2&Prime; _builder_version=\u00a0\u00bb4.19.3&Prime; _module_preset=\u00a0\u00bbdefault\u00a0\u00bb global_colors_info=\u00a0\u00bb{}\u00a0\u00bb][et_pb_image src=\u00a0\u00bbhttps:\/\/drummondteam.ca\/wp-content\/uploads\/2023\/02\/Mortgage-signing-web.png\u00a0\u00bb title_text=\u00a0\u00bbSignature de l&apos;hypoth\u00e8que en ligne\u00a0\u00bb align=\u00a0\u00bbcenter\u00a0\u00bb _builder_version=\u00a0\u00bb4.19.5&Prime; _module_preset=\u00a0\u00bbdefault\u00a0\u00bb box_shadow_style=\u00a0\u00bbpreset7&Prime; box_shadow_horizontal=\u00a0\u00bb-10px\u00a0\u00bb box_shadow_vertical=\u00a0\u00bb-10px\u00a0\u00bb box_shadow_color=\u00a0\u00bb#004282&Prime; box_shadow_position=\u00a0\u00bbouter\u00a0\u00bb global_colors_info=\u00a0\u00bb{}\u00a0\u00bb][\/et_pb_image][\/et_pb_column][et_pb_column type=\u00a0\u00bb1_2&Prime; _builder_version=\u00a0\u00bb4.19.3&Prime; _module_preset=\u00a0\u00bbdefault\u00a0\u00bb global_colors_info=\u00a0\u00bb{}\u00a0\u00bb][et_pb_text _builder_version=\u00a0\u00bb4.19.3&Prime; _module_preset=\u00a0\u00bbdefault\u00a0\u00bb text_orientation=\u00a0\u00bbcenter\u00a0\u00bb custom_margin=\u00a0\u00bb||1em||false|false\u00a0\u00bb custom_margin_tablet=\u00a0\u00bb40px||0px||false|false\u00a0\u00bb custom_margin_phone=\u00a0\u00bb35px||0px||false|false\u00a0\u00bb custom_margin_last_edited=\u00a0\u00bbon|phone\u00a0\u00bb header_5_font_size_tablet=\u00a0\u00bb\u00a0\u00bb header_5_font_size_phone=\u00a0\u00bb25px\u00a0\u00bb header_5_font_size_last_edited=\u00a0\u00bbon|phone\u00a0\u00bb global_colors_info=\u00a0\u00bb{}\u00a0\u00bb]<\/p>\n<h5>La fa\u00e7on astucieuse de renouveler votre hypoth\u00e8que<\/h5>\n<p>[\/et_pb_text][et_pb_text _builder_version=\u00a0\u00bb4.19.3&Prime; _module_preset=\u00a0\u00bbdefault\u00a0\u00bb global_colors_info=\u00a0\u00bb{}\u00a0\u00bb]<\/p>\n<p>En g\u00e9n\u00e9ral, c\u2019est une bonne id\u00e9e de chercher pour un nouveau terme entre quatre et six mois avant l\u2019expiration de votre terme hypoth\u00e9caire. Plusieurs pr\u00eateurs envoient une lettre de renouvellement peu de temps avant l\u2019expiration de votre terme, et ceci ne permet pas beaucoup de temps pour arranger un terme avec un autre pr\u00eateur. Cela veut dire que vous devez \u00e9tablir votre propre calendrier de renouvellement et savoir le meilleur temps de chercher un taux plus favorable.  <\/p>\n<p>Avant m\u00eame que votre pr\u00eateur vous contacte au sujet de votre renouvellement, demandez \u00e0 un courtier hypoth\u00e9caire (tel que nous) de vous trouver un taux plus favorable. Vous allez vous surprendre avec ce qu\u2019on peut accomplir! <\/p>\n<p>Votre hypoth\u00e8que est une de vos plus grosses d\u00e9penses. Pour cette raison, il est imp\u00e9ratif que vous trouviez les meilleurs taux et termes que vous pouvez possiblement obtenir. En cherchant avant votre p\u00e9riode de renouvellement, vous pouvez \u00e9pargner des co\u00fbts consid\u00e9rables au cours de votre pr\u00eat hypoth\u00e9caire. Ne soyez pas un des 60% qui ne font que signer leur lettre et la renvoyer. Prenez avantage de nos services et assurez-vous que les pr\u00eateurs comp\u00e9titionnent entre eux pour votre contrat.    <\/p>\n<p>[\/et_pb_text][\/et_pb_column][\/et_pb_row][\/et_pb_section][et_pb_section fb_built=\u00a0\u00bb1&Prime; custom_padding_last_edited=\u00a0\u00bbon|phone\u00a0\u00bb _builder_version=\u00a0\u00bb4.27.4&Prime; _module_preset=\u00a0\u00bbdefault\u00a0\u00bb background_color=\u00a0\u00bb#FFCD4F\u00a0\u00bb background_image=\u00a0\u00bbhttps:\/\/drummondteam.ca\/wp-content\/uploads\/2022\/08\/pexels-pixabay-259588_large_overlay80.jpg\u00a0\u00bb parallax=\u00a0\u00bbon\u00a0\u00bb parallax_method=\u00a0\u00bboff\u00a0\u00bb custom_padding=\u00a0\u00bb270px||170px||false|false\u00a0\u00bb custom_padding_tablet=\u00a0\u00bb270px||170px||false|false\u00a0\u00bb custom_padding_phone=\u00a0\u00bb160px||50px||false|false\u00a0\u00bb saved_tabs=\u00a0\u00bball\u00a0\u00bb global_colors_info=\u00a0\u00bb{}\u00a0\u00bb global_module=\u00a0\u00bb247523&Prime; theme_builder_area=\u00a0\u00bbpost_content\u00a0\u00bb][et_pb_row _builder_version=\u00a0\u00bb4.17.6&Prime; _module_preset=\u00a0\u00bbdefault\u00a0\u00bb width_tablet=\u00a0\u00bb\u00a0\u00bb width_phone=\u00a0\u00bb90%\u00a0\u00bb width_last_edited=\u00a0\u00bbon|phone\u00a0\u00bb max_width_tablet=\u00a0\u00bb\u00a0\u00bb max_width_phone=\u00a0\u00bb90%\u00a0\u00bb max_width_last_edited=\u00a0\u00bbon|phone\u00a0\u00bb global_colors_info=\u00a0\u00bb{}\u00a0\u00bb theme_builder_area=\u00a0\u00bbpost_content\u00a0\u00bb][et_pb_column type=\u00a0\u00bb4_4&Prime; _builder_version=\u00a0\u00bb4.17.6&Prime; _module_preset=\u00a0\u00bbdefault\u00a0\u00bb global_colors_info=\u00a0\u00bb{}\u00a0\u00bb theme_builder_area=\u00a0\u00bbpost_content\u00a0\u00bb][et_pb_text _builder_version=\u00a0\u00bb4.27.4&Prime; _module_preset=\u00a0\u00bbdefault\u00a0\u00bb header_2_line_height=\u00a0\u00bb1.2em\u00a0\u00bb text_orientation=\u00a0\u00bbcenter\u00a0\u00bb background_layout=\u00a0\u00bbdark\u00a0\u00bb header_2_font_size_tablet=\u00a0\u00bb\u00a0\u00bb header_2_font_size_phone=\u00a0\u00bb32px\u00a0\u00bb header_2_font_size_last_edited=\u00a0\u00bbon|phone\u00a0\u00bb global_colors_info=\u00a0\u00bb{}\u00a0\u00bb theme_builder_area=\u00a0\u00bbpost_content\u00a0\u00bb]<\/p>\n<h2 class=\"p1\">Trouvez votre hypoth\u00e8que id\u00e9ale maintenant!<\/h2>\n<p>[\/et_pb_text][et_pb_text _builder_version=\u00a0\u00bb4.27.4&Prime; _module_preset=\u00a0\u00bbdefault\u00a0\u00bb text_font_size=\u00a0\u00bb28px\u00a0\u00bb text_line_height=\u00a0\u00bb1.2em\u00a0\u00bb text_orientation=\u00a0\u00bbcenter\u00a0\u00bb background_layout=\u00a0\u00bbdark\u00a0\u00bb custom_margin=\u00a0\u00bb||40px|||\u00a0\u00bb text_font_size_tablet=\u00a0\u00bb28px\u00a0\u00bb text_font_size_phone=\u00a0\u00bb24px\u00a0\u00bb text_font_size_last_edited=\u00a0\u00bbon|phone\u00a0\u00bb global_colors_info=\u00a0\u00bb{}\u00a0\u00bb theme_builder_area=\u00a0\u00bbpost_content\u00a0\u00bb]<\/p>\n<p>Faire une demande de pr\u00eat hypoth\u00e9caire ne pourrait pas \u00eatre plus simple. Compl\u00e9tez notre application s\u00e9curis\u00e9e et nous seront en contact dans les plus brefs d\u00e9lais. <\/p>\n<p>[\/et_pb_text][dnxte_button button_text=\u00a0\u00bbPostulez maintenant\u00a0\u00bb button_link=\u00a0\u00bbhttps:\/\/velocity-client.newton.ca\/en\/client\/journey\/home?shortCode=5214zweaghvk\u00a0\u00bb button_link_new_window=\u00a0\u00bbon\u00a0\u00bb _builder_version=\u00a0\u00bb4.27.4&Prime; _module_preset=\u00a0\u00bb817cfd6d-6894-4081-a03a-a891076458a8&Prime; global_colors_info=\u00a0\u00bb{}\u00a0\u00bb theme_builder_area=\u00a0\u00bbpost_content\u00a0\u00bb][\/dnxte_button][\/et_pb_column][\/et_pb_row][\/et_pb_section]<\/p>\n","protected":false},"excerpt":{"rendered":"<p>Renouvellement hypoth\u00e9caireRenouvellement hypoth\u00e9caireComment \u00e9pargner de l\u2019argent et obtenir les meilleurs taux en renouvelant votre hypoth\u00e8que Lors du renouvellement de votre hypoth\u00e8queNe tombez pas dans le pi\u00e8geAlors que la plupart des Canadiens passent beaucoup de temps et d\u00e9ploient des efforts consid\u00e9rables pour choisir leur premi\u00e8re hypoth\u00e8que, ce n\u2019est souvent pas le cas avec les renouvellements hypoth\u00e9caires. [&hellip;]<\/p>\n","protected":false},"author":2,"featured_media":0,"parent":0,"menu_order":0,"comment_status":"closed","ping_status":"closed","template":"","meta":{"_et_pb_use_builder":"on","_et_pb_old_content":"","_et_gb_content_width":"","footnotes":""},"class_list":["post-247220","page","type-page","status-publish","hentry"],"_links":{"self":[{"href":"https:\/\/drummondteam.ca\/fr\/wp-json\/wp\/v2\/pages\/247220","targetHints":{"allow":["GET"]}}],"collection":[{"href":"https:\/\/drummondteam.ca\/fr\/wp-json\/wp\/v2\/pages"}],"about":[{"href":"https:\/\/drummondteam.ca\/fr\/wp-json\/wp\/v2\/types\/page"}],"author":[{"embeddable":true,"href":"https:\/\/drummondteam.ca\/fr\/wp-json\/wp\/v2\/users\/2"}],"replies":[{"embeddable":true,"href":"https:\/\/drummondteam.ca\/fr\/wp-json\/wp\/v2\/comments?post=247220"}],"version-history":[{"count":7,"href":"https:\/\/drummondteam.ca\/fr\/wp-json\/wp\/v2\/pages\/247220\/revisions"}],"predecessor-version":[{"id":247542,"href":"https:\/\/drummondteam.ca\/fr\/wp-json\/wp\/v2\/pages\/247220\/revisions\/247542"}],"wp:attachment":[{"href":"https:\/\/drummondteam.ca\/fr\/wp-json\/wp\/v2\/media?parent=247220"}],"curies":[{"name":"wp","href":"https:\/\/api.w.org\/{rel}","templated":true}]}}